{"id":10074,"date":"2020-05-14T18:35:37","date_gmt":"2020-05-14T18:35:37","guid":{"rendered":"https:\/\/espaceval.ch\/fitness\/"},"modified":"2024-02-27T13:21:33","modified_gmt":"2024-02-27T13:21:33","slug":"fitness-de","status":"publish","type":"page","link":"https:\/\/espaceval.ch\/de\/fitness-de\/","title":{"rendered":"Fitness"},"content":{"rendered":"<p>[et_pb_section fb_built=&#8220;1&#8243; fullwidth=&#8220;on&#8220; admin_label=&#8220;Call to Action&#8220; _builder_version=&#8220;4.16&#8243; animation_direction=&#8220;bottom&#8220; locked=&#8220;off&#8220; global_colors_info=&#8220;{}&#8220;][et_pb_fullwidth_header title=&#8220;Le fitness&#8220; button_one_text=&#8220;Fitness&#8220; button_one_url=&#8220;#fitness&#8220; button_two_url=&#8220;#coach&#8220; content_max_width=&#8220;800px&#8220; _builder_version=&#8220;4.16&#8243; title_level=&#8220;h2&#8243; title_font=&#8220;Montserrat|300|||||||&#8220; title_font_size=&#8220;58px&#8220; title_line_height=&#8220;1.2em&#8220; content_font=&#8220;||||||||&#8220; content_font_size=&#8220;20px&#8220; content_line_height=&#8220;1.8em&#8220; background_color=&#8220;rgba(255, 255, 255, 0)&#8220; use_background_color_gradient=&#8220;on&#8220; background_color_gradient_direction=&#8220;90deg&#8220; background_color_gradient_stops=&#8220;rgba(0,0,0,0.75) 0%|rgba(0,0,0,0) 100%&#8220; background_color_gradient_overlays_image=&#8220;on&#8220; background_color_gradient_start=&#8220;rgba(0,0,0,0.75)&#8220; background_color_gradient_end=&#8220;rgba(0,0,0,0)&#8220; background_image=&#8220;https:\/\/espaceval.ch\/wp-content\/uploads\/2020\/06\/fitness.jpg&#8220; custom_button_one=&#8220;on&#8220; button_one_text_size=&#8220;16px&#8220; button_one_bg_color=&#8220;#004767&#8243; button_one_border_width=&#8220;10px&#8220; button_one_border_color=&#8220;#004767&#8243; button_one_border_radius=&#8220;0px&#8220; button_one_letter_spacing=&#8220;0px&#8220; button_one_font=&#8220;|300||on|||||&#8220; button_one_use_icon=&#8220;off&#8220; button_one_custom_margin=&#8220;|5%|||false|false&#8220; custom_button_two=&#8220;on&#8220; button_two_text_size=&#8220;16px&#8220; button_two_text_color=&#8220;#ffffff&#8220; button_two_bg_color=&#8220;#0084a3&#8243; button_two_border_width=&#8220;10px&#8220; button_two_border_color=&#8220;#0084a3&#8243; button_two_border_radius=&#8220;0px&#8220; button_two_letter_spacing=&#8220;0px&#8220; button_two_font=&#8220;|300||on|||||&#8220; button_two_use_icon=&#8220;off&#8220; button_two_custom_margin=&#8220;|||0px|false|false&#8220; custom_margin=&#8220;|||&#8220; custom_padding=&#8220;8%||8%|&#8220; button_one_letter_spacing_hover=&#8220;1px&#8220; button_two_letter_spacing_hover=&#8220;1px&#8220; global_colors_info=&#8220;{}&#8220; button_one_text_size__hover_enabled=&#8220;off&#8220; button_two_text_size__hover_enabled=&#8220;off&#8220; button_one_text_color__hover_enabled=&#8220;off&#8220; button_two_text_color__hover_enabled=&#8220;off&#8220; button_one_border_width__hover_enabled=&#8220;off&#8220; button_two_border_width__hover_enabled=&#8220;off&#8220; button_one_border_color__hover_enabled=&#8220;on|hover&#8220; button_two_border_color__hover_enabled=&#8220;on|hover&#8220; button_one_border_radius__hover_enabled=&#8220;off&#8220; button_two_border_radius__hover_enabled=&#8220;off&#8220; button_one_letter_spacing__hover_enabled=&#8220;off|desktop&#8220; button_one_letter_spacing__hover=&#8220;1px&#8220; button_two_letter_spacing__hover_enabled=&#8220;off|hover&#8220; button_two_letter_spacing__hover=&#8220;1px&#8220; button_one_bg_color__hover_enabled=&#8220;on|hover&#8220; button_two_bg_color__hover_enabled=&#8220;on|hover&#8220; button_one_bg_color__hover=&#8220;#063e4d&#8220; button_one_bg_enable_color__hover=&#8220;on&#8220; button_one_border_color__hover=&#8220;#063e4d&#8220; button_two_bg_color__hover=&#8220;#063e4d&#8220; button_two_bg_enable_color__hover=&#8220;on&#8220; button_two_border_color__hover=&#8220;#063e4d&#8220;][\/et_pb_fullwidth_header][\/et_pb_section][et_pb_section fb_built=&#8220;1&#8243; module_id=&#8220;fitness&#8220; _builder_version=&#8220;4.16&#8243; custom_margin=&#8220;||||false|false&#8220; global_colors_info=&#8220;{}&#8220;][et_pb_row _builder_version=&#8220;4.16&#8243; global_colors_info=&#8220;{}&#8220;][et_pb_column type=&#8220;4_4&#8243; _builder_version=&#8220;4.16&#8243; global_colors_info=&#8220;{}&#8220;][et_pb_text _builder_version=&#8220;4.16&#8243; header_2_font=&#8220;Montserrat|300|||||||&#8220; header_2_text_align=&#8220;center&#8220; header_2_font_size=&#8220;58px&#8220; header_2_line_height=&#8220;1.2em&#8220; custom_margin=&#8220;||15px||false|false&#8220; header_2_font_size_tablet=&#8220;&#8220; header_2_font_size_phone=&#8220;40px&#8220; header_2_font_size_last_edited=&#8220;on|phone&#8220; global_colors_info=&#8220;{}&#8220;]<\/p>\n<h2>Salle de fitness<\/h2>\n<p>[\/et_pb_text][et_pb_divider _builder_version=&#8220;4.16&#8243; width=&#8220;80px&#8220; module_alignment=&#8220;center&#8220; custom_margin=&#8220;||||false|false&#8220; custom_padding=&#8220;||||false|false&#8220; global_colors_info=&#8220;{}&#8220;][\/et_pb_divider][\/et_pb_column][\/et_pb_row][\/et_pb_section][et_pb_section fb_built=&#8220;1&#8243; _builder_version=&#8220;4.16&#8243; custom_padding=&#8220;0px|0px|0px|0px|false|false&#8220; global_colors_info=&#8220;{}&#8220;][et_pb_row column_structure=&#8220;1_3,1_3,1_3&#8243; use_custom_gutter=&#8220;on&#8220; gutter_width=&#8220;1&#8243; make_equal=&#8220;on&#8220; _builder_version=&#8220;4.16&#8243; width=&#8220;100%&#8220; max_width=&#8220;100%&#8220; custom_margin=&#8220;||||false|false&#8220; custom_padding=&#8220;0px||0px||false|false&#8220; global_colors_info=&#8220;{}&#8220;][et_pb_column type=&#8220;1_3&#8243; _builder_version=&#8220;4.16&#8243; custom_padding=&#8220;80px|10%|80px|80px|false|false&#8220; custom_padding_tablet=&#8220;&#8220; custom_padding_phone=&#8220;0px||0px||false|false&#8220; custom_padding_last_edited=&#8220;on|phone&#8220; global_colors_info=&#8220;{}&#8220;][et_pb_text _builder_version=&#8220;4.16&#8243; header_2_font=&#8220;Montserrat|300|||||||&#8220; header_2_text_align=&#8220;left&#8220; header_2_font_size=&#8220;60px&#8220; header_3_font=&#8220;|300|||||||&#8220; header_3_font_size=&#8220;30px&#8220; header_3_line_height=&#8220;1.2em&#8220; custom_margin=&#8220;||15px||false|false&#8220; animation_direction=&#8220;left&#8220; global_colors_info=&#8220;{}&#8220;]<\/p>\n<h3>Activit\u00e9s<\/h3>\n<p>[\/et_pb_text][et_pb_divider color=&#8220;#23a6af&#8220; _builder_version=&#8220;4.16&#8243; width=&#8220;80px&#8220; module_alignment=&#8220;left&#8220; custom_margin=&#8220;||||false|false&#8220; custom_padding=&#8220;||||false|false&#8220; global_colors_info=&#8220;{}&#8220;][\/et_pb_divider][et_pb_text _builder_version=&#8220;4.16&#8243; text_font=&#8220;|300|||||||&#8220; custom_margin=&#8220;||50px||false|false&#8220; global_colors_info=&#8220;{}&#8220;]<\/p>\n<p>Modeler sa silhouette, travailler son souffle, perdre des calories, renforcer sa musculature, am\u00e9liorer son endurance, s\u2019exprimer avec son corps et bien s\u00fbr se d\u00e9tendre, c\u2019est possible !<\/p>\n<p>Avec 2 salles de 60 m\u00e8tres carr\u00e9s, gardez et entretenez votre forme toute l\u2019ann\u00e9e.<\/p>\n<p>[\/et_pb_text][\/et_pb_column][et_pb_column type=&#8220;1_3&#8243; _builder_version=&#8220;4.16&#8243; background_image=&#8220;https:\/\/espaceval.ch\/wp-content\/uploads\/2020\/06\/technogym.jpg&#8220; custom_padding_tablet=&#8220;&#8220; custom_padding_phone=&#8220;0px||||false|false&#8220; custom_padding_last_edited=&#8220;on|phone&#8220; global_colors_info=&#8220;{}&#8220;][et_pb_text _builder_version=&#8220;4.16&#8243; custom_margin_tablet=&#8220;&#8220; custom_margin_phone=&#8220;150px||150px||false|false&#8220; custom_margin_last_edited=&#8220;on|phone&#8220; global_colors_info=&#8220;{}&#8220;][\/et_pb_text][\/et_pb_column][et_pb_column type=&#8220;1_3&#8243; _builder_version=&#8220;4.16&#8243; custom_padding=&#8220;80px|10%|80px|80px|false|false&#8220; custom_padding_tablet=&#8220;&#8220; custom_padding_phone=&#8220;80px|10%|0px|80px|false|false&#8220; custom_padding_last_edited=&#8220;on|phone&#8220; global_colors_info=&#8220;{}&#8220;][et_pb_text _builder_version=&#8220;4.16&#8243; header_2_font=&#8220;Montserrat|300|||||||&#8220; header_2_text_align=&#8220;left&#8220; header_2_font_size=&#8220;60px&#8220; header_3_font=&#8220;|300|||||||&#8220; header_3_font_size=&#8220;30px&#8220; header_3_line_height=&#8220;1.2em&#8220; custom_margin=&#8220;||15px||false|false&#8220; animation_direction=&#8220;left&#8220; global_colors_info=&#8220;{}&#8220;]<\/p>\n<h3>Technique<\/h3>\n<p>[\/et_pb_text][et_pb_divider color=&#8220;#23a6af&#8220; _builder_version=&#8220;4.16&#8243; width=&#8220;80px&#8220; module_alignment=&#8220;left&#8220; custom_margin=&#8220;||||false|false&#8220; custom_padding=&#8220;||||false|false&#8220; global_colors_info=&#8220;{}&#8220;][\/et_pb_divider][et_pb_text _builder_version=&#8220;4.16&#8243; text_font=&#8220;|300|||||||&#8220; custom_margin=&#8220;||50px||false|false&#8220; global_colors_info=&#8220;{}&#8220;]<\/p>\n<p>Ouvert 7 jours sur 7, le fitness est compos\u00e9 de 20 machines dont 5 appareils \u00ab cardio \u00bb de la gamme Technogym.<\/p>\n<p>Une large palette de poids libres vous permettra de composer vous-m\u00eame des programmes adapt\u00e9s \u00e0 vos attentes et vos envies.<\/p>\n<p>[\/et_pb_text][\/et_pb_column][\/et_pb_row][\/et_pb_section][et_pb_section fb_built=&#8220;1&#8243; fullwidth=&#8220;on&#8220; _builder_version=&#8220;4.16&#8243; custom_margin=&#8220;80px||||false|false&#8220; global_colors_info=&#8220;{}&#8220;][et_pb_fullwidth_header title=&#8220;Maintenir ou %22Rebooster%22 sa forme&#8220; _builder_version=&#8220;4.16&#8243; title_level=&#8220;h2&#8243; title_font=&#8220;Freestyle script||||||||&#8220; title_text_align=&#8220;center&#8220; title_font_size=&#8220;100px&#8220; background_color=&#8220;#004767&#8243; global_colors_info=&#8220;{}&#8220;][\/et_pb_fullwidth_header][\/et_pb_section][et_pb_section fb_built=&#8220;1&#8243; disabled_on=&#8220;on|on|on&#8220; module_id=&#8220;coach&#8220; _builder_version=&#8220;4.16&#8243; disabled=&#8220;on&#8220; global_colors_info=&#8220;{}&#8220;][et_pb_row _builder_version=&#8220;4.16&#8243; global_colors_info=&#8220;{}&#8220;][et_pb_column type=&#8220;4_4&#8243; _builder_version=&#8220;4.16&#8243; global_colors_info=&#8220;{}&#8220;][et_pb_text _builder_version=&#8220;4.16&#8243; header_2_font=&#8220;Montserrat|300|||||||&#8220; header_2_text_align=&#8220;center&#8220; header_2_font_size=&#8220;58px&#8220; header_2_line_height=&#8220;1.2em&#8220; custom_margin=&#8220;||15px||false|false&#8220; header_2_font_size_tablet=&#8220;&#8220; header_2_font_size_phone=&#8220;40px&#8220; header_2_font_size_last_edited=&#8220;on|phone&#8220; global_colors_info=&#8220;{}&#8220;]<\/p>\n<h2>Trouver<br \/> votre coach<\/h2>\n<p>[\/et_pb_text][et_pb_divider _builder_version=&#8220;4.16&#8243; width=&#8220;80px&#8220; module_alignment=&#8220;center&#8220; custom_margin=&#8220;||||false|false&#8220; custom_padding=&#8220;||||false|false&#8220; global_colors_info=&#8220;{}&#8220;][\/et_pb_divider][\/et_pb_column][\/et_pb_row][\/et_pb_section][et_pb_section fb_built=&#8220;1&#8243; disabled_on=&#8220;on|on|on&#8220; _builder_version=&#8220;4.16&#8243; custom_padding=&#8220;0px|0px|0px|0px|false|false&#8220; disabled=&#8220;on&#8220; global_colors_info=&#8220;{}&#8220;][et_pb_row column_structure=&#8220;1_3,1_3,1_3&#8243; use_custom_gutter=&#8220;on&#8220; gutter_width=&#8220;1&#8243; make_equal=&#8220;on&#8220; _builder_version=&#8220;4.16&#8243; width=&#8220;100%&#8220; max_width=&#8220;100%&#8220; custom_margin=&#8220;||||false|false&#8220; custom_padding=&#8220;0px||0px||false|false&#8220; global_colors_info=&#8220;{}&#8220;][et_pb_column type=&#8220;1_3&#8243; _builder_version=&#8220;4.16&#8243; custom_padding=&#8220;80px|10%|80px|80px|false|false&#8220; custom_padding_tablet=&#8220;&#8220; custom_padding_phone=&#8220;0px|10%|0px|80px|false|false&#8220; custom_padding_last_edited=&#8220;on|phone&#8220; global_colors_info=&#8220;{}&#8220;][et_pb_text _builder_version=&#8220;4.16&#8243; header_2_font=&#8220;Montserrat|300|||||||&#8220; header_2_text_align=&#8220;left&#8220; header_2_font_size=&#8220;60px&#8220; header_3_font=&#8220;|300|||||||&#8220; header_3_font_size=&#8220;30px&#8220; header_3_line_height=&#8220;1.2em&#8220; custom_margin=&#8220;||15px||false|false&#8220; animation_direction=&#8220;left&#8220; global_colors_info=&#8220;{}&#8220;]<\/p>\n<h3>Activit\u00e9s<\/h3>\n<p>[\/et_pb_text][et_pb_divider color=&#8220;#23a6af&#8220; _builder_version=&#8220;4.16&#8243; width=&#8220;80px&#8220; module_alignment=&#8220;left&#8220; custom_margin=&#8220;||||false|false&#8220; custom_padding=&#8220;||||false|false&#8220; global_colors_info=&#8220;{}&#8220;][\/et_pb_divider][et_pb_text _builder_version=&#8220;4.16&#8243; text_font=&#8220;|300|||||||&#8220; custom_margin=&#8220;||50px||false|false&#8220; global_colors_info=&#8220;{}&#8220;]<\/p>\n<p>Your content goes here. Edit or remove this text inline or in the module Content settings. You can also style every aspect of this content in the module Design settings and even apply custom CSS to this text in the module Advanced settings.<\/p>\n<p>[\/et_pb_text][\/et_pb_column][et_pb_column type=&#8220;1_3&#8243; _builder_version=&#8220;4.16&#8243; background_image=&#8220;https:\/\/espaceval.ch\/wp-content\/uploads\/2020\/06\/coach-sportif.jpg&#8220; global_colors_info=&#8220;{}&#8220;][et_pb_text _builder_version=&#8220;4.16&#8243; custom_margin_tablet=&#8220;&#8220; custom_margin_phone=&#8220;150px||150px||false|false&#8220; custom_margin_last_edited=&#8220;on|phone&#8220; global_colors_info=&#8220;{}&#8220;][\/et_pb_text][\/et_pb_column][et_pb_column type=&#8220;1_3&#8243; _builder_version=&#8220;4.16&#8243; custom_padding=&#8220;80px|10%|80px|80px|false|false&#8220; custom_padding_tablet=&#8220;&#8220; custom_padding_phone=&#8220;&#8220; custom_padding_last_edited=&#8220;on|phone&#8220; global_colors_info=&#8220;{}&#8220;][et_pb_text _builder_version=&#8220;4.16&#8243; header_2_font=&#8220;Montserrat|300|||||||&#8220; header_2_text_align=&#8220;left&#8220; header_2_font_size=&#8220;60px&#8220; header_3_font=&#8220;|300|||||||&#8220; header_3_font_size=&#8220;30px&#8220; header_3_line_height=&#8220;1.2em&#8220; custom_margin=&#8220;||15px||false|false&#8220; animation_direction=&#8220;left&#8220; global_colors_info=&#8220;{}&#8220;]<\/p>\n<h3>Technique<\/h3>\n<p>[\/et_pb_text][et_pb_divider color=&#8220;#23a6af&#8220; _builder_version=&#8220;4.16&#8243; width=&#8220;80px&#8220; module_alignment=&#8220;left&#8220; custom_margin=&#8220;||||false|false&#8220; custom_padding=&#8220;||||false|false&#8220; global_colors_info=&#8220;{}&#8220;][\/et_pb_divider][et_pb_text _builder_version=&#8220;4.16&#8243; text_font=&#8220;|300|||||||&#8220; custom_margin=&#8220;||50px||false|false&#8220; global_colors_info=&#8220;{}&#8220;]<\/p>\n<p>Your content goes here. Edit or remove this text inline or in the module Content settings. You can also style every aspect of this content in the module Design settings and even apply custom CSS to this text in the module Advanced settings.<\/p>\n<p>[\/et_pb_text][\/et_pb_column][\/et_pb_row][\/et_pb_section][et_pb_section fb_built=&#8220;1&#8243; fullwidth=&#8220;on&#8220; disabled_on=&#8220;on|on|on&#8220; _builder_version=&#8220;4.16&#8243; background_enable_color=&#8220;off&#8220; custom_margin=&#8220;80px||||false|false&#8220; disabled=&#8220;on&#8220; global_colors_info=&#8220;{}&#8220;][et_pb_fullwidth_header title=&#8220;\u00catre accompagn\u00e9 et s\u00e9curis\u00e9&#8220; _builder_version=&#8220;4.16&#8243; title_level=&#8220;h2&#8243; title_font=&#8220;Freestyle script||||||||&#8220; title_text_align=&#8220;center&#8220; title_font_size=&#8220;100px&#8220; global_colors_info=&#8220;{}&#8220;][\/et_pb_fullwidth_header][\/et_pb_section][et_pb_section fb_built=&#8220;1&#8243; disabled_on=&#8220;on|on|on&#8220; _builder_version=&#8220;4.16&#8243; disabled=&#8220;on&#8220; global_colors_info=&#8220;{}&#8220;][et_pb_row column_structure=&#8220;1_3,2_3&#8243; _builder_version=&#8220;4.16&#8243; global_colors_info=&#8220;{}&#8220;][et_pb_column type=&#8220;1_3&#8243; _builder_version=&#8220;4.16&#8243; global_colors_info=&#8220;{}&#8220;][et_pb_text _builder_version=&#8220;4.16&#8243; header_2_font=&#8220;Montserrat|300|||||||&#8220; header_2_text_align=&#8220;left&#8220; header_2_font_size=&#8220;58px&#8220; custom_margin=&#8220;||15px||false|false&#8220; header_2_font_size_tablet=&#8220;&#8220; header_2_font_size_phone=&#8220;40px&#8220; header_2_font_size_last_edited=&#8220;on|phone&#8220; global_colors_info=&#8220;{}&#8220;]<\/p>\n<h2>Suivre un cours<\/h2>\n<p>[\/et_pb_text][et_pb_divider color=&#8220;#ef7a3f&#8220; _builder_version=&#8220;4.16&#8243; width=&#8220;80px&#8220; module_alignment=&#8220;left&#8220; custom_margin=&#8220;||||false|false&#8220; custom_padding=&#8220;||||false|false&#8220; global_colors_info=&#8220;{}&#8220;][\/et_pb_divider][et_pb_button button_url=&#8220;https:\/\/espaceval.ch\/cours\/&#8220; button_text=&#8220;Tout le catalogue&#8220; _builder_version=&#8220;4.16&#8243; custom_button=&#8220;on&#8220; button_text_size=&#8220;16px&#8220; button_text_color=&#8220;#ffffff&#8220; button_bg_color=&#8220;#ef7a3f&#8220; button_border_width=&#8220;10px&#8220; button_border_color=&#8220;#ef7a3f&#8220; button_border_radius=&#8220;0px&#8220; button_font=&#8220;|300||on|||||&#8220; button_use_icon=&#8220;off&#8220; global_colors_info=&#8220;{}&#8220; button_bg_color__hover_enabled=&#8220;on|hover&#8220; button_bg_color__hover=&#8220;#e53f12&#8243; button_bg_enable_color__hover=&#8220;on&#8220; button_border_color__hover_enabled=&#8220;on|hover&#8220; button_border_color__hover=&#8220;#e53f12&#8243;][\/et_pb_button][\/et_pb_column][et_pb_column type=&#8220;2_3&#8243; _builder_version=&#8220;4.16&#8243; global_colors_info=&#8220;{}&#8220;][et_pb_blog fullwidth=&#8220;off&#8220; posts_number=&#8220;2&#8243; include_categories=&#8220;16&#8243; show_pagination=&#8220;off&#8220; _builder_version=&#8220;4.16&#8243; body_font=&#8220;|300|||||||&#8220; meta_font=&#8220;|300|||||||&#8220; meta_text_color=&#8220;#878787&#8243; meta_font_size=&#8220;12px&#8220; global_colors_info=&#8220;{}&#8220;][\/et_pb_blog][\/et_pb_column][\/et_pb_row][\/et_pb_section]<\/p>\n","protected":false},"excerpt":{"rendered":"<p>Salle de fitnessActivit\u00e9sModeler sa silhouette, travailler son souffle, perdre des calories, renforcer sa musculature, am\u00e9liorer son endurance, s\u2019exprimer avec son corps et bien s\u00fbr se d\u00e9tendre, c\u2019est possible ! Avec 2 salles de 60 m\u00e8tres carr\u00e9s, gardez et entretenez votre forme toute l\u2019ann\u00e9e.TechniqueOuvert 7 jours sur 7, le fitness est compos\u00e9 de 20 machines dont [&hellip;]<\/p>\n","protected":false},"author":2,"featured_media":0,"parent":0,"menu_order":0,"comment_status":"closed","ping_status":"closed","template":"","meta":{"_et_pb_use_builder":"on","_et_pb_old_content":"","_et_gb_content_width":"","_monsterinsights_skip_tracking":false,"_monsterinsights_sitenote_active":false,"_monsterinsights_sitenote_note":"","_monsterinsights_sitenote_category":0,"footnotes":""},"class_list":["post-10074","page","type-page","status-publish","hentry"],"yoast_head":"<!-- This site is optimized with the Yoast SEO plugin v25.6 - https:\/\/yoast.com\/wordpress\/plugins\/seo\/ -->\n<title>Fitness \u00e0 espaceVAL | Maintenir ou Rebooster sa forme<\/title>\n<meta name=\"description\" content=\"Un fitness pour modeler sa silhouette, travailler son souffle, perdre des calories, renforcer sa musculature, am\u00e9liorer son endurance.\" \/>\n<meta name=\"robots\" content=\"index, follow, max-snippet:-1, max-image-preview:large, max-video-preview:-1\" \/>\n<link rel=\"canonical\" href=\"https:\/\/espaceval.ch\/de\/fitness-de\/\" \/>\n<meta property=\"og:locale\" content=\"de_DE\" \/>\n<meta property=\"og:type\" content=\"article\" \/>\n<meta property=\"og:title\" content=\"Fitness \u00e0 espaceVAL | Maintenir ou Rebooster sa forme\" \/>\n<meta property=\"og:description\" content=\"Un fitness pour modeler sa silhouette, travailler son souffle, perdre des calories, renforcer sa musculature, am\u00e9liorer son endurance.\" \/>\n<meta property=\"og:url\" content=\"https:\/\/espaceval.ch\/de\/fitness-de\/\" \/>\n<meta property=\"og:site_name\" content=\"espaceVAL\" \/>\n<meta property=\"article:modified_time\" content=\"2024-02-27T13:21:33+00:00\" \/>\n<meta name=\"twitter:card\" content=\"summary_large_image\" \/>\n<meta name=\"twitter:label1\" content=\"Gesch\u00e4tzte Lesezeit\" \/>\n\t<meta name=\"twitter:data1\" content=\"1\u00a0Minute\" \/>\n<script type=\"application\/ld+json\" class=\"yoast-schema-graph\">{\"@context\":\"https:\/\/schema.org\",\"@graph\":[{\"@type\":\"WebPage\",\"@id\":\"https:\/\/espaceval.ch\/de\/fitness-de\/\",\"url\":\"https:\/\/espaceval.ch\/de\/fitness-de\/\",\"name\":\"Fitness \u00e0 espaceVAL | Maintenir ou Rebooster sa forme\",\"isPartOf\":{\"@id\":\"https:\/\/espaceval.ch\/de\/#website\"},\"datePublished\":\"2020-05-14T18:35:37+00:00\",\"dateModified\":\"2024-02-27T13:21:33+00:00\",\"description\":\"Un fitness pour modeler sa silhouette, travailler son souffle, perdre des calories, renforcer sa musculature, am\u00e9liorer son endurance.\",\"breadcrumb\":{\"@id\":\"https:\/\/espaceval.ch\/de\/fitness-de\/#breadcrumb\"},\"inLanguage\":\"de\",\"potentialAction\":[{\"@type\":\"ReadAction\",\"target\":[\"https:\/\/espaceval.ch\/de\/fitness-de\/\"]}]},{\"@type\":\"BreadcrumbList\",\"@id\":\"https:\/\/espaceval.ch\/de\/fitness-de\/#breadcrumb\",\"itemListElement\":[{\"@type\":\"ListItem\",\"position\":1,\"name\":\"Accueil\",\"item\":\"https:\/\/espaceval.ch\/de\/\"},{\"@type\":\"ListItem\",\"position\":2,\"name\":\"Fitness\"}]},{\"@type\":\"WebSite\",\"@id\":\"https:\/\/espaceval.ch\/de\/#website\",\"url\":\"https:\/\/espaceval.ch\/de\/\",\"name\":\"espaceVAL\",\"description\":\"Vitalit\u00e9 | Activit\u00e9 | Loisirs\",\"potentialAction\":[{\"@type\":\"SearchAction\",\"target\":{\"@type\":\"EntryPoint\",\"urlTemplate\":\"https:\/\/espaceval.ch\/de\/?s={search_term_string}\"},\"query-input\":{\"@type\":\"PropertyValueSpecification\",\"valueRequired\":true,\"valueName\":\"search_term_string\"}}],\"inLanguage\":\"de\"}]}<\/script>\n<!-- \/ Yoast SEO plugin. -->","yoast_head_json":{"title":"Fitness \u00e0 espaceVAL | Maintenir ou Rebooster sa forme","description":"Un fitness pour modeler sa silhouette, travailler son souffle, perdre des calories, renforcer sa musculature, am\u00e9liorer son endurance.","robots":{"index":"index","follow":"follow","max-snippet":"max-snippet:-1","max-image-preview":"max-image-preview:large","max-video-preview":"max-video-preview:-1"},"canonical":"https:\/\/espaceval.ch\/de\/fitness-de\/","og_locale":"de_DE","og_type":"article","og_title":"Fitness \u00e0 espaceVAL | Maintenir ou Rebooster sa forme","og_description":"Un fitness pour modeler sa silhouette, travailler son souffle, perdre des calories, renforcer sa musculature, am\u00e9liorer son endurance.","og_url":"https:\/\/espaceval.ch\/de\/fitness-de\/","og_site_name":"espaceVAL","article_modified_time":"2024-02-27T13:21:33+00:00","twitter_card":"summary_large_image","twitter_misc":{"Gesch\u00e4tzte Lesezeit":"1\u00a0Minute"},"schema":{"@context":"https:\/\/schema.org","@graph":[{"@type":"WebPage","@id":"https:\/\/espaceval.ch\/de\/fitness-de\/","url":"https:\/\/espaceval.ch\/de\/fitness-de\/","name":"Fitness \u00e0 espaceVAL | Maintenir ou Rebooster sa forme","isPartOf":{"@id":"https:\/\/espaceval.ch\/de\/#website"},"datePublished":"2020-05-14T18:35:37+00:00","dateModified":"2024-02-27T13:21:33+00:00","description":"Un fitness pour modeler sa silhouette, travailler son souffle, perdre des calories, renforcer sa musculature, am\u00e9liorer son endurance.","breadcrumb":{"@id":"https:\/\/espaceval.ch\/de\/fitness-de\/#breadcrumb"},"inLanguage":"de","potentialAction":[{"@type":"ReadAction","target":["https:\/\/espaceval.ch\/de\/fitness-de\/"]}]},{"@type":"BreadcrumbList","@id":"https:\/\/espaceval.ch\/de\/fitness-de\/#breadcrumb","itemListElement":[{"@type":"ListItem","position":1,"name":"Accueil","item":"https:\/\/espaceval.ch\/de\/"},{"@type":"ListItem","position":2,"name":"Fitness"}]},{"@type":"WebSite","@id":"https:\/\/espaceval.ch\/de\/#website","url":"https:\/\/espaceval.ch\/de\/","name":"espaceVAL","description":"Vitalit\u00e9 | Activit\u00e9 | Loisirs","potentialAction":[{"@type":"SearchAction","target":{"@type":"EntryPoint","urlTemplate":"https:\/\/espaceval.ch\/de\/?s={search_term_string}"},"query-input":{"@type":"PropertyValueSpecification","valueRequired":true,"valueName":"search_term_string"}}],"inLanguage":"de"}]}},"_links":{"self":[{"href":"https:\/\/espaceval.ch\/de\/wp-json\/wp\/v2\/pages\/10074","targetHints":{"allow":["GET"]}}],"collection":[{"href":"https:\/\/espaceval.ch\/de\/wp-json\/wp\/v2\/pages"}],"about":[{"href":"https:\/\/espaceval.ch\/de\/wp-json\/wp\/v2\/types\/page"}],"author":[{"embeddable":true,"href":"https:\/\/espaceval.ch\/de\/wp-json\/wp\/v2\/users\/2"}],"replies":[{"embeddable":true,"href":"https:\/\/espaceval.ch\/de\/wp-json\/wp\/v2\/comments?post=10074"}],"version-history":[{"count":1,"href":"https:\/\/espaceval.ch\/de\/wp-json\/wp\/v2\/pages\/10074\/revisions"}],"predecessor-version":[{"id":10075,"href":"https:\/\/espaceval.ch\/de\/wp-json\/wp\/v2\/pages\/10074\/revisions\/10075"}],"wp:attachment":[{"href":"https:\/\/espaceval.ch\/de\/wp-json\/wp\/v2\/media?parent=10074"}],"curies":[{"name":"wp","href":"https:\/\/api.w.org\/{rel}","templated":true}]}}